{"id":3,"date":"2019-12-22T19:34:03","date_gmt":"2019-12-22T19:34:03","guid":{"rendered":"https:\/\/appnotarius.it\/news\/?page_id=3"},"modified":"2019-12-25T13:01:08","modified_gmt":"2019-12-25T12:01:08","slug":"privacy-policy","status":"publish","type":"page","link":"https:\/\/appnotarius.it\/news\/privacy-policy\/","title":{"rendered":"Privacy Policy"},"content":{"rendered":"<h2 style=\"text-align: center;\"><b>Informativa sulla Privacy<\/b><\/h2>\r\n<div><b>Informativa sito appnotarius.it ai sensi degli articoli 13 e 14 del Regolamento (UE) 2016\/679 (GDPR)<\/b><\/div>\r\n<div>\u00a0<\/div>\r\n<div>Con il presente documento (\u201cInformativa\u201d) il Titolare del trattamento, come di seguito definito, desidera informarla sulle finalit\u00e0 e le modalit\u00e0 del trattamento dei Suoi dati personali e sui diritti che Le sono riconosciuti dal Regolamento (UE) 2016\/679 relativo alla protezione delle persone fisiche, con riguardo al trattamento dei dati personali nonch\u00e9 alla loro libera circolazione (\u201cGDPR\u201d). La presente Informativa potr\u00e0 essere integrata dal Titolare ove eventuali servizi aggiuntivi da Lei richiesti dovessero comportare ulteriori trattamenti.<\/div>\r\n<div>\u00a0<\/div>\r\n<div><hr align=\"left\" size=\"2\" width=\"100%\" \/><\/div>\r\n<div>\u00a0<\/div>\r\n<div><b>1. Titolare e Responsabile del Trattamento<\/b><\/div>\r\n<div>\u00a0<\/div>\r\n<div>Il <b>Titolare del Trattamento<\/b> \u00e8 AppNotarius Via Leoncavallo, 27 Altavilla Vicentina P.IVA: 04214190243 Email: info@appnotarius.it<\/div>\r\n<div>\u00a0<\/div>\r\n<div>Il Titolare, anche tramite le strutture designate, provveder\u00e0 a prendere carico della Sua richiesta e a fornirle, senza ingiustificato ritardo e comunque, al pi\u00f9 tardi, entro un mese dal ricevimento della stessa, le informazioni relative all&#8217;azione intrapresa riguardo alla sua richiesta.<\/div>\r\n<div>\u00a0<\/div>\r\n<div>La informiamo che qualora il Titolare nutra dubbi circa l&#8217;identit\u00e0 della persona fisica che presenta la richiesta, potr\u00e0 richiedere ulteriori informazioni necessarie a confermare l&#8217;identit\u00e0 dell&#8217;interessato.<\/div>\r\n<div>\u00a0<\/div>\r\n<div><b>Categorie di Interessati:<\/b> Persone fisiche, persone giuridiche, organizzazioni pubbliche e private.<\/div>\r\n<div>\u00a0<\/div>\r\n<div><hr align=\"left\" size=\"2\" width=\"100%\" \/><\/div>\r\n<div>\u00a0<\/div>\r\n<div><b>2. Trattamenti<\/b><\/div>\r\n<div>\u00a0<\/div>\r\n<div><b>2.1. Esecuzione del servizio<\/b><\/div>\r\n<div>\u00a0<\/div>\r\n<div><b>TRATTAMENTO:<\/b> Servizi Web<\/div>\r\n<div>Il trattamento dei Suoi dati personali \u00e8 necessario per l\u2019acquisizione di informazioni preliminari alla conclusione dei contratti che stipuler\u00e0 con AppNotarius Titolare del Trattamento, per il perfezionamento e l\u2019esecuzione dei servizi notarili<\/div>\r\n<div>\u00a0<\/div>\r\n<div><b>Finalit\u00e0 del trattamento<\/b><\/div>\r\n<div><a href=\"https:\/\/appnotarius.it\/files\/Informativa-ai-sensi-degli-articoli-13-e-14-del-Regolamento-UE-2016-679.pdf\" target=\"_blank\" rel=\"noopener noreferrer\" data-linkid=\"3\"><b>Continua a leggere<\/b><\/a><\/div>\r\n<div>\u00a0<\/div>\r\n<div>\u00a0<\/div>\r\n<div><hr \/>\r\n<div>\u00a0<\/div>\r\n<p style=\"text-align: justify;\"><span class=\"fs20lh1-5\">I software di <b><span class=\"cf1\">App<\/span><span class=\"cf2\">Notarius<\/span><\/b> ottimizzano i processi di lavoro: risolvono problematiche interne nel processo del <b>calcolo preventivo degli atti Notarili,<\/b> delle <b>condivisioni dei files con i clienti<\/b> e migliorano l\u2019efficienza complessiva in termini di <b>risparmio di denaro, tempo e risorse<\/b>.<\/span><\/p>\r\n\r\n<figure class=\"wp-block-image size-large\"><a href=\"https:\/\/appnotarius.it\/\"><img loading=\"lazy\" decoding=\"async\" width=\"702\" height=\"525\" class=\"wp-image-79\" src=\"https:\/\/appnotarius.it\/news\/wp-content\/uploads\/2019\/12\/software-appnotarius.png\" alt=\"\" srcset=\"https:\/\/appnotarius.it\/news\/wp-content\/uploads\/2019\/12\/software-appnotarius.png 702w, https:\/\/appnotarius.it\/news\/wp-content\/uploads\/2019\/12\/software-appnotarius-300x224.png 300w\" sizes=\"(max-width: 702px) 100vw, 702px\" \/><\/a><\/figure>\r\n\r\n<p style=\"text-align: center;\"><a href=\"https:\/\/appnotarius.it\/calcolo-preventivi-atti-notarili.html\">Calcolo Preventivi Atti Notarili<\/a><\/p>\r\n\r\n<figure class=\"wp-block-image size-large is-style-default\"><a href=\"https:\/\/appnotarius.it\/calcolo-preventivi-atti-notarili.html\"><img loading=\"lazy\" decoding=\"async\" class=\"wp-image-59 aligncenter\" src=\"https:\/\/appnotarius.it\/news\/wp-content\/uploads\/2019\/12\/calc-1024-986x1024.png\" alt=\"\" width=\"381\" height=\"396\" srcset=\"https:\/\/appnotarius.it\/news\/wp-content\/uploads\/2019\/12\/calc-1024-986x1024.png 986w, https:\/\/appnotarius.it\/news\/wp-content\/uploads\/2019\/12\/calc-1024-289x300.png 289w, https:\/\/appnotarius.it\/news\/wp-content\/uploads\/2019\/12\/calc-1024-768x798.png 768w, https:\/\/appnotarius.it\/news\/wp-content\/uploads\/2019\/12\/calc-1024.png 1024w\" sizes=\"(max-width: 381px) 100vw, 381px\" \/><\/a><\/figure>\r\n<hr \/>\r\n<p style=\"text-align: center;\"><a href=\"https:\/\/appnotarius.it\/sistema-invio-e-condivisione-documenti-online.html\">Archivia E Condividi Documenti On-Line<\/a><\/p>\r\n\r\n<figure class=\"wp-block-image size-large\"><a href=\"https:\/\/appnotarius.it\/sistema-invio-e-condivisione-documenti-online.html\"><img loading=\"lazy\" decoding=\"async\" width=\"1024\" height=\"608\" class=\"wp-image-84\" src=\"https:\/\/appnotarius.it\/news\/wp-content\/uploads\/2019\/12\/AppNotarius-Documenti-On-Line-Copia-1024x608.png\" alt=\"\" srcset=\"https:\/\/appnotarius.it\/news\/wp-content\/uploads\/2019\/12\/AppNotarius-Documenti-On-Line-Copia-1024x608.png 1024w, https:\/\/appnotarius.it\/news\/wp-content\/uploads\/2019\/12\/AppNotarius-Documenti-On-Line-Copia-300x178.png 300w, https:\/\/appnotarius.it\/news\/wp-content\/uploads\/2019\/12\/AppNotarius-Documenti-On-Line-Copia-768x456.png 768w, https:\/\/appnotarius.it\/news\/wp-content\/uploads\/2019\/12\/AppNotarius-Documenti-On-Line-Copia.png 1134w\" sizes=\"(max-width: 1024px) 100vw, 1024px\" \/><\/a>\r\n<figcaption><\/figcaption>\r\n<\/figure>\r\n<\/div>","protected":false},"excerpt":{"rendered":"<p>Informativa sulla Privacy Informativa sito appnotarius.it ai sensi degli articoli 13 e 14 del Regolamento (UE) 2016\/679 (GDPR) \u00a0 Con il presente documento (\u201cInformativa\u201d) il Titolare del trattamento, come di seguito definito, desidera informarla sulle finalit\u00e0 e le modalit\u00e0 del trattamento dei Suoi dati personali e sui diritti che Le sono riconosciuti dal Regolamento (UE) [&hellip;]<\/p>\n","protected":false},"author":1,"featured_media":0,"parent":0,"menu_order":0,"comment_status":"closed","ping_status":"open","template":"","meta":{"_genesis_hide_title":false,"_genesis_hide_breadcrumbs":false,"_genesis_hide_singular_image":false,"_genesis_hide_footer_widgets":false,"_genesis_custom_body_class":"","_genesis_custom_post_class":"","_genesis_layout":"","footnotes":""},"_links":{"self":[{"href":"https:\/\/appnotarius.it\/news\/wp-json\/wp\/v2\/pages\/3"}],"collection":[{"href":"https:\/\/appnotarius.it\/news\/wp-json\/wp\/v2\/pages"}],"about":[{"href":"https:\/\/appnotarius.it\/news\/wp-json\/wp\/v2\/types\/page"}],"author":[{"embeddable":true,"href":"https:\/\/appnotarius.it\/news\/wp-json\/wp\/v2\/users\/1"}],"replies":[{"embeddable":true,"href":"https:\/\/appnotarius.it\/news\/wp-json\/wp\/v2\/comments?post=3"}],"version-history":[{"count":7,"href":"https:\/\/appnotarius.it\/news\/wp-json\/wp\/v2\/pages\/3\/revisions"}],"predecessor-version":[{"id":338,"href":"https:\/\/appnotarius.it\/news\/wp-json\/wp\/v2\/pages\/3\/revisions\/338"}],"wp:attachment":[{"href":"https:\/\/appnotarius.it\/news\/wp-json\/wp\/v2\/media?parent=3"}],"curies":[{"name":"wp","href":"https:\/\/api.w.org\/{rel}","templated":true}]}}