{"id":624,"date":"2020-11-04T10:22:55","date_gmt":"2020-11-04T09:22:55","guid":{"rendered":"https:\/\/appnotarius.it\/news\/?page_id=624"},"modified":"2020-11-04T10:35:39","modified_gmt":"2020-11-04T09:35:39","slug":"digital-transformation-sistema-gestione-documentale-innovativo-collaborativo-rivoluziona-gli-studi-professionali","status":"publish","type":"page","link":"https:\/\/appnotarius.it\/news\/digital-transformation-sistema-gestione-documentale-innovativo-collaborativo-rivoluziona-gli-studi-professionali\/","title":{"rendered":"Digital transformation. Sistema gestione documentale innovativo e collaborativo che rivoluziona gli studi professionali"},"content":{"rendered":"<h1 style=\"text-align: center;\"><\/h1>\n<p><a href=\"https:\/\/ipratiche.it\/\"><img loading=\"lazy\" decoding=\"async\" class=\"alignnone wp-image-627 size-full\" src=\"https:\/\/appnotarius.it\/news\/wp-content\/uploads\/2020\/11\/DIGITAL4.png\" alt=\"\" width=\"1230\" height=\"692\" srcset=\"https:\/\/appnotarius.it\/news\/wp-content\/uploads\/2020\/11\/DIGITAL4.png 1230w, https:\/\/appnotarius.it\/news\/wp-content\/uploads\/2020\/11\/DIGITAL4-300x169.png 300w, https:\/\/appnotarius.it\/news\/wp-content\/uploads\/2020\/11\/DIGITAL4-1024x576.png 1024w, https:\/\/appnotarius.it\/news\/wp-content\/uploads\/2020\/11\/DIGITAL4-768x432.png 768w\" sizes=\"(max-width: 1230px) 100vw, 1230px\" \/><\/a><\/p>\n<h1 class=\"testata__title gd-text\"><a href=\"https:\/\/ipratiche.it\/\" target=\"_blank\" rel=\"noopener noreferrer\">iPratiche<\/a>: ecco il sistema di gestione documentale collaborativo che rivoluziona gli studi professionali<\/h1>\n<p>Il Document Management System si evolve. Sviluppata da <a href=\"https:\/\/hbinformatica.it\/\" target=\"_blank\" rel=\"noopener noreferrer\">HB Informatica<\/a> e disponibile anche on premise, ecco iPratiche: la prima e unica piattaforma orientata ai clienti che facilita il complesso processo della gestione pratiche e acquisizione documenti negli studi professionali<\/p>\n<p>Si chiama <strong>iPratiche<\/strong> l\u2019ultima soluzione lanciata da <strong>HB Informatica<\/strong> per l\u2019automazione dei processi aziendali e la gestione documentale.<\/p>\n<p>Si tratta del <strong>primo e unico sistema orientato ai clienti<\/strong> pensato per rispondere alle rinnovate esigenze di tutti coloro che si trovano a produrre grande quantit\u00e0 di documenti e gestire vari tipi di pratiche, <strong>dagli studi professionali alle aziende.<\/strong><\/p>\n<p>Guardando al mondo dei professionisti, ad esempio, solo un terzo degli avvocati usa un <strong>Document Management System<\/strong> (DMS). A rivelarlo \u00e8 lo studio \u201cCovid-19, dall\u2019emergenza insegnamenti per il futuro delle professioni\u201d realizzato dall\u2019Osservatorio Professionisti e Innovazione Digitale\u00a0della School of Management del Politecnico di Milano <strong>analizzando un campione di oltre 3.300 studi professionali <\/strong>multidisciplinari, legali, commercialisti e consulenti del lavoro (di grandi, medie, piccole e micro dimensioni) <strong>per indagare la diffusione di Smart Working e Knowledge Management nelle professioni giuridico-economiche<\/strong>. In generale la ricerca evidenzia come l\u2019emergenza sanitaria abbia scatenato la necessit\u00e0 di investire in tecnologie collaborative che consentano anche di gestire la documentazione, modelli di integrazione interna ed esterna e formazione del personale per garantire continuit\u00e0, trasparenza ed efficienza ai clienti.<\/p>\n<p>\u00c8 proprio a queste esigenze che risponde perfettamente il software per la gestione pratiche e acquisizione documenti iPratiche. Con l\u2019adozione dei sistemi innovativi come quello sviluppato da HB Informatica <strong>la produttivit\u00e0 negli studi migliora, con ricadute positive sull\u2019attivit\u00e0 e risparmio di tempi, costi e risorse, con benefici anche per l\u2019ambiente in termini di consumo di carta.<\/strong><\/p>\n<p>&nbsp;<\/p>\n<h2><span id=\"iPratiche_il_software_per_la_gestione_pratiche_su_misura_del_cliente\" class=\"ez-toc-section\">iPratiche, il software per la gestione pratiche su misura del cliente<\/span><\/h2>\n<p>iPratiche \u00e8 un software in cloud unico nel suo genere. Non \u00e8 infatti semplicemente un Document Management System con cui organizzare e gestire i documenti internamente allo studio professionale: ci\u00f2 che distingue iPratiche \u00e8 <strong>un approccio operativo che coinvolge il cliente stesso e gli utenti terzi interessati nel disbrigo di una pratica<\/strong>. Dall\u2019interfaccia semplice e intuitiva pensata per ottenere la migliore User Experience (UX) a un sistema di lavoro per task, mutuato dalle pi\u00f9 efficaci piattaforme di project management con attivit\u00e0 ben identificate, tempi e scadenze e sistemi di allerta, tutto in iPratiche \u00e8 pensato per facilitare e sveltire la gestione pratiche.<\/p>\n<p><strong>Se, per esempio, si deve effettuare la vendita di un immobile<\/strong>, le parti coinvolte per portare a compimento la pratica possono essere diverse cos\u00ec come i documenti necessari per finalizzare l\u2019operazione. Attraverso la piattaforma di HB Informatica il proprietario del bene potr\u00e0 rapidamente condividere con lo studio in modalit\u00e0 digitale i documenti inerenti all\u2019immobile, stessa cosa potr\u00e0 fare l\u2019agenzia immobiliare eventualmente incaricata della vendita. Notifiche via email o SMS ricordano ai partecipanti al task le attivit\u00e0 in sospeso necessarie al completamento della pratica e i termini ultimi per la consegna dei documenti di modo da arrivare pronti alla stipula dell\u2019atto.<\/p>\n<p><strong>Il servizio \u00e8 erogato in Cloud con il modello abbonamento mensile SaaS<\/strong> (Software as a Service), con piani pre-configurati o customizzati in base alle richieste specifiche del cliente. <strong>La piattaforma \u00e8 ospitata nei server di HB Informatica, e si appoggia a Data Center italiani.<\/strong><\/p>\n<p>&nbsp;<\/p>\n<h2><span id=\"I_vantaggi_di_iPratiche_il_sistema_di_gestione_documentale_evoluto\" class=\"ez-toc-section\">I vantaggi di iPratiche, il sistema di gestione documentale evoluto<\/span><\/h2>\n<p><strong>iPratiche raggruppa varie metodologie<\/strong> come il\u00a0<strong>PMS<\/strong> (Project Management System), <strong>BPM<\/strong> (Business Process Management),\u00a0<strong>DMS<\/strong> (Documentation Management Systems), <strong>DTM<\/strong> (Digital Transaction Management),\u00a0<strong>BPI<\/strong> (Business Process Improvement), <strong>WMS<\/strong> (Workflow Management System), <strong>CRM<\/strong> (Customer Relationship Management). <strong>Ci\u00f2 consente agli studi professionali\u00a0di ottenere numerosi vantaggi nella gestione pratiche sin dal primo contatto col cliente:<\/strong><\/p>\n<ul>\n<li><strong>ottimizzare i processi di lavoro <\/strong>consentendo di creare e\u00a0gestire attivit\u00e0 di qualsiasi natura all\u2019interno della pratica:\u00a0gestione colloqui, contatti, preventivi, archiviazione, recupero e condivisione file, creazione e assegnazione dei compiti a clienti specifici, risoluzioni delle problematiche nel processo di acquisizione documenti occorrenti;<\/li>\n<li>risparmiare denaro, tempo e risorse<strong>. <\/strong>Con iPratiche \u00e8 possibile<strong>\u00a0semplificare l\u2019attivit\u00e0 lavorativa,\u00a0ridurre<\/strong> <strong>costi e tempi<\/strong> nel life cycle\u00a0aziendale dell\u201980%\u00a0circa, migliorando la qualit\u00e0 e\u00a0l\u2019efficienza produttiva\u00a0di oltre il\u00a040%;<\/li>\n<li><strong>garantire la sicurezza dei fascicoli<\/strong> che, in formato digitale, non rischiano di perdersi o deteriorarsi. In iPratiche, la\u00a0business continuity e il disaster recovery sono by default. Inoltre, lo studio professionale o azienda cliente pu\u00f2 avere\u00a0copie di backup\u00a0del proprio archivio da custodire personalmente\u00a0nei dispositivi personali. Per altro, le copie\u00a0digitali sono sicuramente meno ingombranti dell\u2019archivio cartaceo;<\/li>\n<li><strong>procedere spediti verso la dematerializzazione documentale<\/strong>, ci\u00f2 significa drastico calo dell\u2019utilizzo di carta e inchiostro con un evidente risparmio in termini di costi e spazi necessari per l\u2019archiviazione.<\/li>\n<\/ul>\n<p><a href=\"https:\/\/ipratiche.it\/\" target=\"_blank\" rel=\"noopener noreferrer\">Vai al sito di iPratiche<\/a><\/p>\n","protected":false},"excerpt":{"rendered":"<p>iPratiche: ecco il sistema di gestione documentale collaborativo che rivoluziona gli studi professionali Il Document Management System si evolve. Sviluppata da HB Informatica e disponibile anche on premise, ecco iPratiche: la prima e unica piattaforma orientata ai clienti che facilita il complesso processo della gestione pratiche e acquisizione documenti negli studi professionali Si chiama iPratiche [&hellip;]<\/p>\n","protected":false},"author":1,"featured_media":626,"parent":0,"menu_order":0,"comment_status":"closed","ping_status":"closed","template":"","meta":{"_genesis_hide_title":false,"_genesis_hide_breadcrumbs":false,"_genesis_hide_singular_image":false,"_genesis_hide_footer_widgets":false,"_genesis_custom_body_class":"","_genesis_custom_post_class":"","_genesis_layout":"full-width-content","footnotes":""},"_links":{"self":[{"href":"https:\/\/appnotarius.it\/news\/wp-json\/wp\/v2\/pages\/624"}],"collection":[{"href":"https:\/\/appnotarius.it\/news\/wp-json\/wp\/v2\/pages"}],"about":[{"href":"https:\/\/appnotarius.it\/news\/wp-json\/wp\/v2\/types\/page"}],"author":[{"embeddable":true,"href":"https:\/\/appnotarius.it\/news\/wp-json\/wp\/v2\/users\/1"}],"replies":[{"embeddable":true,"href":"https:\/\/appnotarius.it\/news\/wp-json\/wp\/v2\/comments?post=624"}],"version-history":[{"count":6,"href":"https:\/\/appnotarius.it\/news\/wp-json\/wp\/v2\/pages\/624\/revisions"}],"predecessor-version":[{"id":635,"href":"https:\/\/appnotarius.it\/news\/wp-json\/wp\/v2\/pages\/624\/revisions\/635"}],"wp:featuredmedia":[{"embeddable":true,"href":"https:\/\/appnotarius.it\/news\/wp-json\/wp\/v2\/media\/626"}],"wp:attachment":[{"href":"https:\/\/appnotarius.it\/news\/wp-json\/wp\/v2\/media?parent=624"}],"curies":[{"name":"wp","href":"https:\/\/api.w.org\/{rel}","templated":true}]}}